{"id":25,"date":"2023-07-09T11:47:26","date_gmt":"2023-07-09T11:47:26","guid":{"rendered":"https:\/\/corpsusjuris.com\/?page_id=25"},"modified":"2026-04-30T12:15:04","modified_gmt":"2026-04-30T10:15:04","slug":"kontakt","status":"publish","type":"page","link":"https:\/\/corpsusjuris.com\/index.php\/kontakt\/","title":{"rendered":"Kontakt"},"content":{"rendered":"\n<figure class=\"wp-block-image size-full\"><img loading=\"lazy\" decoding=\"async\" width=\"782\" height=\"400\" src=\"https:\/\/corpsusjuris.com\/wp-content\/uploads\/2023\/07\/trommeduell.jpg\" alt=\"\" class=\"wp-image-51\" srcset=\"https:\/\/corpsusjuris.com\/wp-content\/uploads\/2023\/07\/trommeduell.jpg 782w, https:\/\/corpsusjuris.com\/wp-content\/uploads\/2023\/07\/trommeduell-300x153.jpg 300w, https:\/\/corpsusjuris.com\/wp-content\/uploads\/2023\/07\/trommeduell-768x393.jpg 768w\" sizes=\"auto, (max-width: 782px) 100vw, 782px\" \/><\/figure>\n\n\n\n<p>Skal du leie oss, eller bli med, er det bare \u00e5 ta kontakt med noen i v\u00e5rt blide styre!<\/p>\n\n\n\n<figure class=\"wp-block-table\"><table><thead><tr><th>Verv<\/th><th>Fullt navn<\/th><th>Mobilnummer<\/th><\/tr><\/thead><tbody><tr><td>Hovmester<\/td><td>Inger Sveberg Dietrichs<\/td><td>48 14 79 03<\/td><\/tr><tr><td>Notarius (Hotarius)<\/td><td>Huge L\u00f8vvik<\/td><td>?<\/td><\/tr><tr><td>Qu\u00e6stor<\/td><td>Aleksandra Meyer<\/td><td>90 24 75 93<\/td><\/tr><\/tbody><\/table><figcaption class=\"wp-element-caption\">V\u00e5rt blide styre!<\/figcaption><\/figure>\n\n\n\n<p>Du kan ogs\u00e5 n\u00e5 oss p\u00e5 notarius@corpsusjuris.no, og p\u00e5 <a href=\"https:\/\/www.facebook.com\/corpsusjuris\">Facebook<\/a> og <a href=\"https:\/\/instagram.com\/corpsusjuris\">Instagram<\/a>&#8230; Eller bare stikk innom og <a href=\"https:\/\/corpsusjuris.com\/index.php\/bli-med\/\" data-type=\"page\" data-id=\"29\">bli med<\/a> p\u00e5 \u00f8velse eller fest! (Adresse og kart ligger p\u00e5 <a href=\"https:\/\/corpsusjuris.com\/index.php\/bli-med\/\" data-type=\"page\" data-id=\"29\">Bli med<\/a>-siden!)<\/p>\n","protected":false},"excerpt":{"rendered":"<p>Skal du leie oss, eller bli med, er det bare \u00e5 ta kontakt med noen i v\u00e5rt blide styre! Verv Fullt navn Mobilnummer Hovmester Inger Sveberg Dietrichs 48 14 79 03 Notarius (Hotarius) Huge L\u00f8vvik ? Qu\u00e6stor Aleksandra Meyer 90 24 75 93 V\u00e5rt blide styre! Du kan ogs\u00e5 n\u00e5 oss p\u00e5 notarius@corpsusjuris.no, og p\u00e5 [&hellip;]<\/p>\n","protected":false},"author":1,"featured_media":0,"parent":0,"menu_order":0,"comment_status":"closed","ping_status":"closed","template":"","meta":{"footnotes":""},"class_list":["post-25","page","type-page","status-publish","hentry"],"_links":{"self":[{"href":"https:\/\/corpsusjuris.com\/index.php\/wp-json\/wp\/v2\/pages\/25","targetHints":{"allow":["GET"]}}],"collection":[{"href":"https:\/\/corpsusjuris.com\/index.php\/wp-json\/wp\/v2\/pages"}],"about":[{"href":"https:\/\/corpsusjuris.com\/index.php\/wp-json\/wp\/v2\/types\/page"}],"author":[{"embeddable":true,"href":"https:\/\/corpsusjuris.com\/index.php\/wp-json\/wp\/v2\/users\/1"}],"replies":[{"embeddable":true,"href":"https:\/\/corpsusjuris.com\/index.php\/wp-json\/wp\/v2\/comments?post=25"}],"version-history":[{"count":5,"href":"https:\/\/corpsusjuris.com\/index.php\/wp-json\/wp\/v2\/pages\/25\/revisions"}],"predecessor-version":[{"id":97,"href":"https:\/\/corpsusjuris.com\/index.php\/wp-json\/wp\/v2\/pages\/25\/revisions\/97"}],"wp:attachment":[{"href":"https:\/\/corpsusjuris.com\/index.php\/wp-json\/wp\/v2\/media?parent=25"}],"curies":[{"name":"wp","href":"https:\/\/api.w.org\/{rel}","templated":true}]}}